{"id":50,"date":"2021-01-17T18:56:41","date_gmt":"2021-01-17T17:56:41","guid":{"rendered":"https:\/\/steuer-rm.de\/?page_id=50"},"modified":"2021-01-17T19:10:53","modified_gmt":"2021-01-17T18:10:53","slug":"impressum","status":"publish","type":"page","link":"https:\/\/steuer-rm.de\/?page_id=50","title":{"rendered":"Impressum"},"content":{"rendered":"\n<p>Angaben gem\u00e4\u00df \u00a7 5 TMG<\/p>\n\n\n\n<p>Rita Mandel, Dipl. Kauffrau, Steuerberaterin<br>Erzbergerstr. 6, 68519 Viernheim<\/p>\n\n\n\n<p>Telefon: 06204\/9195778<br>E-Mail: mandel@steuer-rm.de<\/p>\n\n\n\n<p>Berufsbezeichnung und berufsrechtliche Regelungen<br>Steuerberaterin<br>zust\u00e4ndige Kammer: Steuerbeaterkammer Hessen, K.d.\u00f6.R., Bleichstr. 1, 60313 Frankfurt am Main<br>verliehen in: Deutschland<br>Es gelten folgende berufsrechtliche Regelungen: Steuerberatungsgesetz (StBerG), Durchf\u00fchrungsverordnung zum<br>Steuerberatungsgesetz (DVStB), Steuerberatergeb\u00fchrenverordnung (StBGebVO), Berufsordnung (BOStB)<br>Die Regelungen sind unter: https:\/\/www.bstbk.de\/de\/themen\/berufsrecht einsehbar<\/p>\n\n\n\n<p>Angaben zur Berufshaftpflichtversicherung<br>Name und Sitz des Versicherers:<br>Markel Insurance SE<br>Sophienstr. 26<br>80333 M\u00fcnchen<\/p>\n\n\n\n<p>Haftung f\u00fcr Inhalte<br>Als Dienstleister bin ich gem\u00e4\u00df \u00a77 Abs. 1 TMG f\u00fcr eigene Inhalte auf diesen Seiten nach den allgemeinen Gesetzen verantwortlich.<br>Nach \u00a7\u00a7 8 bis 10 TMG bin ich als Dienstleister jedoch nicht verpflichtet, \u00fcbermittelte oder gespeicherte fremde Informationen zu<br>\u00fcberwachen oder nach Umst\u00e4nden zu forschen, die auf eine rechtswidrige T\u00e4tigkeit hinweisen.<\/p>\n\n\n\n<p>Verpflichtungen zur Entfernung oder Sperrung der Nutzung von Informationen nach den allgemeinen Gesetzen bleiben hiervon<br>unber\u00fchrt. Eine diesbez\u00fcgliche Haftung ist jedoch erst ab dem Zeitpunkt der Kenntnis einer konkreten Rechtsverletzung m\u00f6glich.<br>Bei Bekanntwerden von entsprechenden Rechtsverletzungen werde ich diese Inhalte umgehend entfernen.<\/p>\n\n\n\n<p>Haftung f\u00fcr Links<br>Mein Angebot enth\u00e4lt Links zu externen Websites Dritter, auf deren Inhalte ich keinen Einflu\u00df habe. Deshalb kann ich f\u00fcr diese<br>fremden Inhalte auch keine Gew\u00e4hr \u00fcbernehmen. F\u00fcr die Inhalte der verlinkten Seiten ist stets der jeweilige Anbieter oder Betreiber<br>der Seiten verantwortlich. Die verlinkten Seiten wurden zum Zeitpunkt der Verlinkung auf m\u00f6gliche Rechtsverst\u00f6\u00dfe \u00fcberpr\u00fcft.<br>Rechtswidrige Inhalte waren zum Zeitpunkt der Verlinkung nicht erkennbar.<\/p>\n\n\n\n<p>Eine permamente inhaltliche Kontrolle der verlinkten Seiten ist jedoch ohne konkrete Anhaltspunkte einer Rechtsverletzung<br>nicht zumutbar. Bei Bekanntwerden von Rechtsverletzungen werde ich derartige Links umgehend entfernen.<\/p>\n\n\n\n<p>Urheberrecht<br>Die durch die Seitenbetreiber erstellten Inhalte und Werke auf diesen Seiten unterliegen dem deutschen Urheberrecht. Die<br>Verfielf\u00e4ltigung, Bearbeitung, Verbreitung und jede Art der Verwertung au\u00dferhalb der Grenzen des Urheberrechts bed\u00fcrfen<br>der schriftlichen Zustimmung des jeweiligen Autors bzw. Erstellers. Downloads und Kopien dieser Seite sind nur f\u00fcr den<br>privaten, nicht komerziellen Gebrauch gestattet.<\/p>\n\n\n\n<p>Soweit die Inhalte auf dieser Seite nicht vom Betreiber erstellt wurden, werden die Urheberrechte Dritter beachtet.<br>Insbesondere werden Inhalte Dritter als soche gekennzeichnet. Sollten Sie trotzdem auf eine Urheberrechtsverletzung<br>aufmerksam werden, bitte ich um einen entsprechenden Hinweis. Bei Bekanntwerden von Rechtsverletzungen werde ich<br>derartige Inhalte umgehend entfernen.<\/p>\n","protected":false},"excerpt":{"rendered":"<p>Angaben gem\u00e4\u00df \u00a7 5 TMG Rita Mandel, Dipl. Kauffrau, SteuerberaterinErzbergerstr. 6, 68519 Viernheim Telefon: 06204\/9195778E-Mail: mandel@steuer-rm.de Berufsbezeichnung und berufsrechtliche RegelungenSteuerberaterinzust\u00e4ndige Kammer: Steuerbeaterkammer Hessen, K.d.\u00f6.R., Bleichstr. 1, 60313 Frankfurt am Mainverliehen in: DeutschlandEs gelten folgende berufsrechtliche Regelungen: Steuerberatungsgesetz (StBerG), Durchf\u00fchrungsverordnung zumSteuerberatungsgesetz (DVStB), Steuerberatergeb\u00fchrenverordnung (StBGebVO), Berufsordnung (BOStB)Die Regelungen sind unter: https:\/\/www.bstbk.de\/de\/themen\/berufsrecht einsehbar Angaben zur BerufshaftpflichtversicherungName und Sitz&hellip;&nbsp;<a href=\"https:\/\/steuer-rm.de\/?page_id=50\" class=\"\" rel=\"bookmark\">Weiterlesen &raquo;<span class=\"screen-reader-text\">Impressum<\/span><\/a><\/p>\n","protected":false},"author":1,"featured_media":0,"parent":0,"menu_order":0,"comment_status":"closed","ping_status":"closed","template":"","meta":{"neve_meta_sidebar":"full-width","neve_meta_container":"","neve_meta_enable_content_width":"on","neve_meta_content_width":100,"neve_meta_title_alignment":"","neve_meta_author_avatar":"","neve_post_elements_order":"","neve_meta_disable_header":"","neve_meta_disable_footer":"","neve_meta_disable_title":"","footnotes":""},"class_list":["post-50","page","type-page","status-publish","hentry"],"_links":{"self":[{"href":"https:\/\/steuer-rm.de\/index.php?rest_route=\/wp\/v2\/pages\/50","targetHints":{"allow":["GET"]}}],"collection":[{"href":"https:\/\/steuer-rm.de\/index.php?rest_route=\/wp\/v2\/pages"}],"about":[{"href":"https:\/\/steuer-rm.de\/index.php?rest_route=\/wp\/v2\/types\/page"}],"author":[{"embeddable":true,"href":"https:\/\/steuer-rm.de\/index.php?rest_route=\/wp\/v2\/users\/1"}],"replies":[{"embeddable":true,"href":"https:\/\/steuer-rm.de\/index.php?rest_route=%2Fwp%2Fv2%2Fcomments&post=50"}],"version-history":[{"count":3,"href":"https:\/\/steuer-rm.de\/index.php?rest_route=\/wp\/v2\/pages\/50\/revisions"}],"predecessor-version":[{"id":62,"href":"https:\/\/steuer-rm.de\/index.php?rest_route=\/wp\/v2\/pages\/50\/revisions\/62"}],"wp:attachment":[{"href":"https:\/\/steuer-rm.de\/index.php?rest_route=%2Fwp%2Fv2%2Fmedia&parent=50"}],"curies":[{"name":"wp","href":"https:\/\/api.w.org\/{rel}","templated":true}]}}